{"id":762,"date":"2011-01-06T14:53:14","date_gmt":"2011-01-06T14:53:14","guid":{"rendered":"http:\/\/www.primepartner.eu\/"},"modified":"2020-07-30T13:03:26","modified_gmt":"2020-07-30T13:03:26","slug":"sociala-atbildiba","status":"publish","type":"page","link":"https:\/\/www.primepartner.eu\/lv\/lisalehed-3\/sociala-atbildiba\/","title":{"rendered":"Darb\u012bbas pamatnost\u0101dnes un ilgtsp\u0113j\u012bga att\u012bst\u012bba"},"content":{"rendered":"\n<p>Darb\u012bbas   pamatnost\u0101dnes un ilgtsp\u0113j\u012bga att\u012bst\u012bba<\/p>\n","protected":false},"excerpt":{"rendered":"<p>Darb\u012bbas pamatnost\u0101dnes un ilgtsp\u0113j\u012bga att\u012bst\u012bba<\/p>\n","protected":false},"author":4,"featured_media":163,"parent":728,"menu_order":2,"comment_status":"open","ping_status":"open","template":"mission-page.php","meta":{"footnotes":""},"class_list":["post-762","page","type-page","status-publish","has-post-thumbnail","hentry"],"_links":{"self":[{"href":"https:\/\/www.primepartner.eu\/lv\/wp-json\/wp\/v2\/pages\/762","targetHints":{"allow":["GET"]}}],"collection":[{"href":"https:\/\/www.primepartner.eu\/lv\/wp-json\/wp\/v2\/pages"}],"about":[{"href":"https:\/\/www.primepartner.eu\/lv\/wp-json\/wp\/v2\/types\/page"}],"author":[{"embeddable":true,"href":"https:\/\/www.primepartner.eu\/lv\/wp-json\/wp\/v2\/users\/4"}],"replies":[{"embeddable":true,"href":"https:\/\/www.primepartner.eu\/lv\/wp-json\/wp\/v2\/comments?post=762"}],"version-history":[{"count":3,"href":"https:\/\/www.primepartner.eu\/lv\/wp-json\/wp\/v2\/pages\/762\/revisions"}],"predecessor-version":[{"id":2349,"href":"https:\/\/www.primepartner.eu\/lv\/wp-json\/wp\/v2\/pages\/762\/revisions\/2349"}],"up":[{"embeddable":true,"href":"https:\/\/www.primepartner.eu\/lv\/wp-json\/wp\/v2\/pages\/728"}],"wp:featuredmedia":[{"embeddable":true,"href":"https:\/\/www.primepartner.eu\/lv\/wp-json\/wp\/v2\/media\/163"}],"wp:attachment":[{"href":"https:\/\/www.primepartner.eu\/lv\/wp-json\/wp\/v2\/media?parent=762"}],"curies":[{"name":"wp","href":"https:\/\/api.w.org\/{rel}","templated":true}]}}