{"id":760,"date":"2011-01-06T14:47:05","date_gmt":"2011-01-06T14:47:05","guid":{"rendered":"http:\/\/www.primepartner.eu\/"},"modified":"2011-01-13T15:27:21","modified_gmt":"2011-01-13T15:27:21","slug":"vertibas","status":"publish","type":"page","link":"https:\/\/www.primepartner.eu\/lv\/lisalehed-3\/vertibas\/","title":{"rendered":"V\u0113rt\u012bbas"},"content":{"rendered":"<p>V\u0113rt\u012bbas<\/p>\n","protected":false},"excerpt":{"rendered":"<p>V\u0113rt\u012bbas<\/p>\n","protected":false},"author":4,"featured_media":369,"parent":728,"menu_order":1,"comment_status":"open","ping_status":"open","template":"mission-page.php","meta":{"footnotes":""},"class_list":["post-760","page","type-page","status-publish","has-post-thumbnail","hentry"],"_links":{"self":[{"href":"https:\/\/www.primepartner.eu\/lv\/wp-json\/wp\/v2\/pages\/760","targetHints":{"allow":["GET"]}}],"collection":[{"href":"https:\/\/www.primepartner.eu\/lv\/wp-json\/wp\/v2\/pages"}],"about":[{"href":"https:\/\/www.primepartner.eu\/lv\/wp-json\/wp\/v2\/types\/page"}],"author":[{"embeddable":true,"href":"https:\/\/www.primepartner.eu\/lv\/wp-json\/wp\/v2\/users\/4"}],"replies":[{"embeddable":true,"href":"https:\/\/www.primepartner.eu\/lv\/wp-json\/wp\/v2\/comments?post=760"}],"version-history":[{"count":3,"href":"https:\/\/www.primepartner.eu\/lv\/wp-json\/wp\/v2\/pages\/760\/revisions"}],"predecessor-version":[{"id":1034,"href":"https:\/\/www.primepartner.eu\/lv\/wp-json\/wp\/v2\/pages\/760\/revisions\/1034"}],"up":[{"embeddable":true,"href":"https:\/\/www.primepartner.eu\/lv\/wp-json\/wp\/v2\/pages\/728"}],"wp:featuredmedia":[{"embeddable":true,"href":"https:\/\/www.primepartner.eu\/lv\/wp-json\/wp\/v2\/media\/369"}],"wp:attachment":[{"href":"https:\/\/www.primepartner.eu\/lv\/wp-json\/wp\/v2\/media?parent=760"}],"curies":[{"name":"wp","href":"https:\/\/api.w.org\/{rel}","templated":true}]}}