{"id":758,"date":"2011-01-06T14:43:52","date_gmt":"2011-01-06T14:43:52","guid":{"rendered":"http:\/\/www.primepartner.eu\/"},"modified":"2011-01-12T14:45:33","modified_gmt":"2011-01-12T14:45:33","slug":"misija","status":"publish","type":"page","link":"https:\/\/www.primepartner.eu\/lv\/lisalehed-3\/misija\/","title":{"rendered":"Misija"},"content":{"rendered":"<p>Misija<\/p>\n<p>RAD\u012aT PAT\u0112RI\u0145A PRECES AR VISLAB\u0100KO CENAS UN KVALIT\u0100TES ATTIEC\u012aBU UN NODRO\u0160IN\u0100T\u00a0IZCILU KLIENTU APKALPO\u0160ANU.<\/p>\n","protected":false},"excerpt":{"rendered":"<p>Misija RAD\u012aT PAT\u0112RI\u0145A PRECES AR VISLAB\u0100KO CENAS UN KVALIT\u0100TES ATTIEC\u012aBU UN NODRO\u0160IN\u0100T\u00a0IZCILU KLIENTU APKALPO\u0160ANU.<\/p>\n","protected":false},"author":4,"featured_media":161,"parent":728,"menu_order":0,"comment_status":"open","ping_status":"open","template":"mission-page.php","meta":{"footnotes":""},"class_list":["post-758","page","type-page","status-publish","has-post-thumbnail","hentry"],"_links":{"self":[{"href":"https:\/\/www.primepartner.eu\/lv\/wp-json\/wp\/v2\/pages\/758","targetHints":{"allow":["GET"]}}],"collection":[{"href":"https:\/\/www.primepartner.eu\/lv\/wp-json\/wp\/v2\/pages"}],"about":[{"href":"https:\/\/www.primepartner.eu\/lv\/wp-json\/wp\/v2\/types\/page"}],"author":[{"embeddable":true,"href":"https:\/\/www.primepartner.eu\/lv\/wp-json\/wp\/v2\/users\/4"}],"replies":[{"embeddable":true,"href":"https:\/\/www.primepartner.eu\/lv\/wp-json\/wp\/v2\/comments?post=758"}],"version-history":[{"count":2,"href":"https:\/\/www.primepartner.eu\/lv\/wp-json\/wp\/v2\/pages\/758\/revisions"}],"predecessor-version":[{"id":997,"href":"https:\/\/www.primepartner.eu\/lv\/wp-json\/wp\/v2\/pages\/758\/revisions\/997"}],"up":[{"embeddable":true,"href":"https:\/\/www.primepartner.eu\/lv\/wp-json\/wp\/v2\/pages\/728"}],"wp:featuredmedia":[{"embeddable":true,"href":"https:\/\/www.primepartner.eu\/lv\/wp-json\/wp\/v2\/media\/161"}],"wp:attachment":[{"href":"https:\/\/www.primepartner.eu\/lv\/wp-json\/wp\/v2\/media?parent=758"}],"curies":[{"name":"wp","href":"https:\/\/api.w.org\/{rel}","templated":true}]}}