{"id":691,"date":"2011-01-06T12:45:50","date_gmt":"2011-01-06T12:45:50","guid":{"rendered":"http:\/\/www.primepartner.eu\/"},"modified":"2011-01-12T15:51:28","modified_gmt":"2011-01-12T15:51:28","slug":"vesture","status":"publish","type":"page","link":"https:\/\/www.primepartner.eu\/lv\/par-uznemumu\/vesture\/","title":{"rendered":"V\u0113sture"},"content":{"rendered":"<p>\u201ePrime Partner\u201d pan\u0101kumu pamat\u0101 ir firmas sp\u0113c\u012bg\u0101 v\u0113rt\u012bbu sist\u0113ma, tiek\u0161an\u0101s p\u0113c teicamiem rezult\u0101tiem un r\u016bpes par cilv\u0113kiem un apk\u0101rt\u0113jo vidi. <\/p>\n","protected":false},"excerpt":{"rendered":"<p>\u201ePrime Partner\u201d pan\u0101kumu pamat\u0101 ir firmas sp\u0113c\u012bg\u0101 v\u0113rt\u012bbu sist\u0113ma, tiek\u0161an\u0101s p\u0113c teicamiem rezult\u0101tiem un r\u016bpes par cilv\u0113kiem un apk\u0101rt\u0113jo vidi.<\/p>\n","protected":false},"author":4,"featured_media":184,"parent":681,"menu_order":5,"comment_status":"open","ping_status":"open","template":"","meta":{"footnotes":""},"class_list":["post-691","page","type-page","status-publish","has-post-thumbnail","hentry"],"_links":{"self":[{"href":"https:\/\/www.primepartner.eu\/lv\/wp-json\/wp\/v2\/pages\/691","targetHints":{"allow":["GET"]}}],"collection":[{"href":"https:\/\/www.primepartner.eu\/lv\/wp-json\/wp\/v2\/pages"}],"about":[{"href":"https:\/\/www.primepartner.eu\/lv\/wp-json\/wp\/v2\/types\/page"}],"author":[{"embeddable":true,"href":"https:\/\/www.primepartner.eu\/lv\/wp-json\/wp\/v2\/users\/4"}],"replies":[{"embeddable":true,"href":"https:\/\/www.primepartner.eu\/lv\/wp-json\/wp\/v2\/comments?post=691"}],"version-history":[{"count":2,"href":"https:\/\/www.primepartner.eu\/lv\/wp-json\/wp\/v2\/pages\/691\/revisions"}],"predecessor-version":[{"id":1000,"href":"https:\/\/www.primepartner.eu\/lv\/wp-json\/wp\/v2\/pages\/691\/revisions\/1000"}],"up":[{"embeddable":true,"href":"https:\/\/www.primepartner.eu\/lv\/wp-json\/wp\/v2\/pages\/681"}],"wp:featuredmedia":[{"embeddable":true,"href":"https:\/\/www.primepartner.eu\/lv\/wp-json\/wp\/v2\/media\/184"}],"wp:attachment":[{"href":"https:\/\/www.primepartner.eu\/lv\/wp-json\/wp\/v2\/media?parent=691"}],"curies":[{"name":"wp","href":"https:\/\/api.w.org\/{rel}","templated":true}]}}