{"id":689,"date":"2011-01-06T12:42:29","date_gmt":"2011-01-06T12:42:29","guid":{"rendered":"http:\/\/www.primepartner.eu\/"},"modified":"2011-01-12T15:46:49","modified_gmt":"2011-01-12T15:46:49","slug":"komanda","status":"publish","type":"page","link":"https:\/\/www.primepartner.eu\/lv\/par-uznemumu\/komanda\/","title":{"rendered":"Komanda"},"content":{"rendered":"<p>Efekt\u012bva komandas darba pamat\u0101 ir draudz\u012bga un izpal\u012bdz\u012bga gaisotne komand\u0101<\/p>\n","protected":false},"excerpt":{"rendered":"<p>Efekt\u012bva komandas darba pamat\u0101 ir draudz\u012bga un izpal\u012bdz\u012bga gaisotne komand\u0101<\/p>\n","protected":false},"author":4,"featured_media":187,"parent":681,"menu_order":4,"comment_status":"open","ping_status":"open","template":"","meta":{"footnotes":""},"class_list":["post-689","page","type-page","status-publish","has-post-thumbnail","hentry"],"_links":{"self":[{"href":"https:\/\/www.primepartner.eu\/lv\/wp-json\/wp\/v2\/pages\/689","targetHints":{"allow":["GET"]}}],"collection":[{"href":"https:\/\/www.primepartner.eu\/lv\/wp-json\/wp\/v2\/pages"}],"about":[{"href":"https:\/\/www.primepartner.eu\/lv\/wp-json\/wp\/v2\/types\/page"}],"author":[{"embeddable":true,"href":"https:\/\/www.primepartner.eu\/lv\/wp-json\/wp\/v2\/users\/4"}],"replies":[{"embeddable":true,"href":"https:\/\/www.primepartner.eu\/lv\/wp-json\/wp\/v2\/comments?post=689"}],"version-history":[{"count":2,"href":"https:\/\/www.primepartner.eu\/lv\/wp-json\/wp\/v2\/pages\/689\/revisions"}],"predecessor-version":[{"id":999,"href":"https:\/\/www.primepartner.eu\/lv\/wp-json\/wp\/v2\/pages\/689\/revisions\/999"}],"up":[{"embeddable":true,"href":"https:\/\/www.primepartner.eu\/lv\/wp-json\/wp\/v2\/pages\/681"}],"wp:featuredmedia":[{"embeddable":true,"href":"https:\/\/www.primepartner.eu\/lv\/wp-json\/wp\/v2\/media\/187"}],"wp:attachment":[{"href":"https:\/\/www.primepartner.eu\/lv\/wp-json\/wp\/v2\/media?parent=689"}],"curies":[{"name":"wp","href":"https:\/\/api.w.org\/{rel}","templated":true}]}}