{"id":687,"date":"2011-01-06T12:40:13","date_gmt":"2011-01-06T12:40:13","guid":{"rendered":"http:\/\/www.primepartner.eu\/"},"modified":"2011-01-12T15:44:57","modified_gmt":"2011-01-12T15:44:57","slug":"attistiba","status":"publish","type":"page","link":"https:\/\/www.primepartner.eu\/lv\/par-uznemumu\/attistiba\/","title":{"rendered":"Att\u012bst\u012bba"},"content":{"rendered":"<p>Produktu izstr\u0101d\u0113  par savu galveno m\u0113r\u0137i \u201ePrime Partner\u201d ir  noteicis pat\u0113r\u0113t\u0101ju piln\u012bgas apmierin\u0101t\u012bbas nodro\u0161in\u0101\u0161anu<\/p>\n","protected":false},"excerpt":{"rendered":"<p>Produktu izstr\u0101d\u0113 par savu galveno m\u0113r\u0137i \u201ePrime Partner\u201d ir noteicis pat\u0113r\u0113t\u0101ju piln\u012bgas apmierin\u0101t\u012bbas nodro\u0161in\u0101\u0161anu<\/p>\n","protected":false},"author":4,"featured_media":185,"parent":681,"menu_order":3,"comment_status":"open","ping_status":"open","template":"","meta":{"footnotes":""},"class_list":["post-687","page","type-page","status-publish","has-post-thumbnail","hentry"],"_links":{"self":[{"href":"https:\/\/www.primepartner.eu\/lv\/wp-json\/wp\/v2\/pages\/687","targetHints":{"allow":["GET"]}}],"collection":[{"href":"https:\/\/www.primepartner.eu\/lv\/wp-json\/wp\/v2\/pages"}],"about":[{"href":"https:\/\/www.primepartner.eu\/lv\/wp-json\/wp\/v2\/types\/page"}],"author":[{"embeddable":true,"href":"https:\/\/www.primepartner.eu\/lv\/wp-json\/wp\/v2\/users\/4"}],"replies":[{"embeddable":true,"href":"https:\/\/www.primepartner.eu\/lv\/wp-json\/wp\/v2\/comments?post=687"}],"version-history":[{"count":2,"href":"https:\/\/www.primepartner.eu\/lv\/wp-json\/wp\/v2\/pages\/687\/revisions"}],"predecessor-version":[{"id":998,"href":"https:\/\/www.primepartner.eu\/lv\/wp-json\/wp\/v2\/pages\/687\/revisions\/998"}],"up":[{"embeddable":true,"href":"https:\/\/www.primepartner.eu\/lv\/wp-json\/wp\/v2\/pages\/681"}],"wp:featuredmedia":[{"embeddable":true,"href":"https:\/\/www.primepartner.eu\/lv\/wp-json\/wp\/v2\/media\/185"}],"wp:attachment":[{"href":"https:\/\/www.primepartner.eu\/lv\/wp-json\/wp\/v2\/media?parent=687"}],"curies":[{"name":"wp","href":"https:\/\/api.w.org\/{rel}","templated":true}]}}