{"id":685,"date":"2011-01-06T12:37:41","date_gmt":"2011-01-06T12:37:41","guid":{"rendered":"http:\/\/www.primepartner.eu\/"},"modified":"2011-01-06T12:37:41","modified_gmt":"2011-01-06T12:37:41","slug":"logistika","status":"publish","type":"page","link":"https:\/\/www.primepartner.eu\/lv\/par-uznemumu\/logistika\/","title":{"rendered":"Lo\u0123istika"},"content":{"rendered":"<p>Jauns, m\u016bsdien\u012bgs noliktavu komplekss padar\u012bjis &#8220;Prime Partner&#8221; lo\u0123istikas infrastrukt\u016bru par vienu no modern\u0101kaj\u0101m sav\u0101 jom\u0101 <\/p>\n","protected":false},"excerpt":{"rendered":"<p>Jauns, m\u016bsdien\u012bgs noliktavu komplekss padar\u012bjis &#8220;Prime Partner&#8221; lo\u0123istikas infrastrukt\u016bru par vienu no modern\u0101kaj\u0101m sav\u0101 jom\u0101<\/p>\n","protected":false},"author":4,"featured_media":178,"parent":681,"menu_order":2,"comment_status":"open","ping_status":"open","template":"","meta":{"footnotes":""},"class_list":["post-685","page","type-page","status-publish","has-post-thumbnail","hentry"],"_links":{"self":[{"href":"https:\/\/www.primepartner.eu\/lv\/wp-json\/wp\/v2\/pages\/685","targetHints":{"allow":["GET"]}}],"collection":[{"href":"https:\/\/www.primepartner.eu\/lv\/wp-json\/wp\/v2\/pages"}],"about":[{"href":"https:\/\/www.primepartner.eu\/lv\/wp-json\/wp\/v2\/types\/page"}],"author":[{"embeddable":true,"href":"https:\/\/www.primepartner.eu\/lv\/wp-json\/wp\/v2\/users\/4"}],"replies":[{"embeddable":true,"href":"https:\/\/www.primepartner.eu\/lv\/wp-json\/wp\/v2\/comments?post=685"}],"version-history":[{"count":2,"href":"https:\/\/www.primepartner.eu\/lv\/wp-json\/wp\/v2\/pages\/685\/revisions"}],"predecessor-version":[{"id":769,"href":"https:\/\/www.primepartner.eu\/lv\/wp-json\/wp\/v2\/pages\/685\/revisions\/769"}],"up":[{"embeddable":true,"href":"https:\/\/www.primepartner.eu\/lv\/wp-json\/wp\/v2\/pages\/681"}],"wp:featuredmedia":[{"embeddable":true,"href":"https:\/\/www.primepartner.eu\/lv\/wp-json\/wp\/v2\/media\/178"}],"wp:attachment":[{"href":"https:\/\/www.primepartner.eu\/lv\/wp-json\/wp\/v2\/media?parent=685"}],"curies":[{"name":"wp","href":"https:\/\/api.w.org\/{rel}","templated":true}]}}