{"id":683,"date":"2011-01-06T12:35:59","date_gmt":"2011-01-06T12:35:59","guid":{"rendered":"http:\/\/www.primepartner.eu\/"},"modified":"2014-06-27T09:00:25","modified_gmt":"2014-06-27T09:00:25","slug":"darbiba","status":"publish","type":"page","link":"https:\/\/www.primepartner.eu\/lv\/par-uznemumu\/darbiba\/","title":{"rendered":"Darb\u012bba"},"content":{"rendered":"<p>\u201ePrime Partner&#8221; savu darb\u012bbu uzs\u0101ka 1996.gad\u0101.<\/p>\n","protected":false},"excerpt":{"rendered":"<p>\u201ePrime Partner&#8221; savu darb\u012bbu uzs\u0101ka 1996.gad\u0101.<\/p>\n","protected":false},"author":4,"featured_media":73,"parent":681,"menu_order":1,"comment_status":"closed","ping_status":"closed","template":"","meta":{"footnotes":""},"class_list":["post-683","page","type-page","status-publish","has-post-thumbnail","hentry"],"_links":{"self":[{"href":"https:\/\/www.primepartner.eu\/lv\/wp-json\/wp\/v2\/pages\/683","targetHints":{"allow":["GET"]}}],"collection":[{"href":"https:\/\/www.primepartner.eu\/lv\/wp-json\/wp\/v2\/pages"}],"about":[{"href":"https:\/\/www.primepartner.eu\/lv\/wp-json\/wp\/v2\/types\/page"}],"author":[{"embeddable":true,"href":"https:\/\/www.primepartner.eu\/lv\/wp-json\/wp\/v2\/users\/4"}],"replies":[{"embeddable":true,"href":"https:\/\/www.primepartner.eu\/lv\/wp-json\/wp\/v2\/comments?post=683"}],"version-history":[{"count":3,"href":"https:\/\/www.primepartner.eu\/lv\/wp-json\/wp\/v2\/pages\/683\/revisions"}],"predecessor-version":[{"id":1779,"href":"https:\/\/www.primepartner.eu\/lv\/wp-json\/wp\/v2\/pages\/683\/revisions\/1779"}],"up":[{"embeddable":true,"href":"https:\/\/www.primepartner.eu\/lv\/wp-json\/wp\/v2\/pages\/681"}],"wp:featuredmedia":[{"embeddable":true,"href":"https:\/\/www.primepartner.eu\/lv\/wp-json\/wp\/v2\/media\/73"}],"wp:attachment":[{"href":"https:\/\/www.primepartner.eu\/lv\/wp-json\/wp\/v2\/media?parent=683"}],"curies":[{"name":"wp","href":"https:\/\/api.w.org\/{rel}","templated":true}]}}