{"id":526,"date":"2011-01-05T08:28:01","date_gmt":"2011-01-05T08:28:01","guid":{"rendered":"http:\/\/www.primepartner.eu\/"},"modified":"2011-01-05T10:15:06","modified_gmt":"2011-01-05T10:15:06","slug":"istorija","status":"publish","type":"page","link":"https:\/\/www.primepartner.eu\/lt\/apie-imone\/istorija\/","title":{"rendered":"Istorija"},"content":{"rendered":"<p>\u201eAS Prime Partner\u201c kompanijos s\u0117km\u0117s pagrindas &#8211; tvirta vertybi\u0173 sistema, auk\u0161\u010diausios klas\u0117s rezultat\u0173 siekimas ir r\u016bpinimasis \u017emon\u0117mis ir aplinka.<\/p>\n","protected":false},"excerpt":{"rendered":"<p>\u201eAS Prime Partner\u201c kompanijos s\u0117km\u0117s pagrindas &#8211; tvirta vertybi\u0173 sistema, auk\u0161\u010diausios klas\u0117s rezultat\u0173 siekimas ir r\u016bpinimasis \u017emon\u0117mis ir aplinka.<\/p>\n","protected":false},"author":4,"featured_media":184,"parent":513,"menu_order":5,"comment_status":"open","ping_status":"open","template":"","meta":{"footnotes":""},"class_list":["post-526","page","type-page","status-publish","has-post-thumbnail","hentry"],"_links":{"self":[{"href":"https:\/\/www.primepartner.eu\/lt\/wp-json\/wp\/v2\/pages\/526","targetHints":{"allow":["GET"]}}],"collection":[{"href":"https:\/\/www.primepartner.eu\/lt\/wp-json\/wp\/v2\/pages"}],"about":[{"href":"https:\/\/www.primepartner.eu\/lt\/wp-json\/wp\/v2\/types\/page"}],"author":[{"embeddable":true,"href":"https:\/\/www.primepartner.eu\/lt\/wp-json\/wp\/v2\/users\/4"}],"replies":[{"embeddable":true,"href":"https:\/\/www.primepartner.eu\/lt\/wp-json\/wp\/v2\/comments?post=526"}],"version-history":[{"count":3,"href":"https:\/\/www.primepartner.eu\/lt\/wp-json\/wp\/v2\/pages\/526\/revisions"}],"predecessor-version":[{"id":582,"href":"https:\/\/www.primepartner.eu\/lt\/wp-json\/wp\/v2\/pages\/526\/revisions\/582"}],"up":[{"embeddable":true,"href":"https:\/\/www.primepartner.eu\/lt\/wp-json\/wp\/v2\/pages\/513"}],"wp:featuredmedia":[{"embeddable":true,"href":"https:\/\/www.primepartner.eu\/lt\/wp-json\/wp\/v2\/media\/184"}],"wp:attachment":[{"href":"https:\/\/www.primepartner.eu\/lt\/wp-json\/wp\/v2\/media?parent=526"}],"curies":[{"name":"wp","href":"https:\/\/api.w.org\/{rel}","templated":true}]}}