{"id":524,"date":"2011-01-05T08:26:39","date_gmt":"2011-01-05T08:26:39","guid":{"rendered":"http:\/\/www.primepartner.eu\/"},"modified":"2011-01-05T10:10:57","modified_gmt":"2011-01-05T10:10:57","slug":"komanda","status":"publish","type":"page","link":"https:\/\/www.primepartner.eu\/lt\/apie-imone\/komanda\/","title":{"rendered":"Komanda"},"content":{"rendered":"<p>Draugi\u0161ka ir paslaugi atmosfera padeda sukurti veiksming\u0105 komand\u0105<\/p>\n","protected":false},"excerpt":{"rendered":"<p>Draugi\u0161ka ir paslaugi atmosfera padeda sukurti veiksming\u0105 komand\u0105<\/p>\n","protected":false},"author":4,"featured_media":187,"parent":513,"menu_order":4,"comment_status":"open","ping_status":"open","template":"","meta":{"footnotes":""},"class_list":["post-524","page","type-page","status-publish","has-post-thumbnail","hentry"],"_links":{"self":[{"href":"https:\/\/www.primepartner.eu\/lt\/wp-json\/wp\/v2\/pages\/524","targetHints":{"allow":["GET"]}}],"collection":[{"href":"https:\/\/www.primepartner.eu\/lt\/wp-json\/wp\/v2\/pages"}],"about":[{"href":"https:\/\/www.primepartner.eu\/lt\/wp-json\/wp\/v2\/types\/page"}],"author":[{"embeddable":true,"href":"https:\/\/www.primepartner.eu\/lt\/wp-json\/wp\/v2\/users\/4"}],"replies":[{"embeddable":true,"href":"https:\/\/www.primepartner.eu\/lt\/wp-json\/wp\/v2\/comments?post=524"}],"version-history":[{"count":2,"href":"https:\/\/www.primepartner.eu\/lt\/wp-json\/wp\/v2\/pages\/524\/revisions"}],"predecessor-version":[{"id":580,"href":"https:\/\/www.primepartner.eu\/lt\/wp-json\/wp\/v2\/pages\/524\/revisions\/580"}],"up":[{"embeddable":true,"href":"https:\/\/www.primepartner.eu\/lt\/wp-json\/wp\/v2\/pages\/513"}],"wp:featuredmedia":[{"embeddable":true,"href":"https:\/\/www.primepartner.eu\/lt\/wp-json\/wp\/v2\/media\/187"}],"wp:attachment":[{"href":"https:\/\/www.primepartner.eu\/lt\/wp-json\/wp\/v2\/media?parent=524"}],"curies":[{"name":"wp","href":"https:\/\/api.w.org\/{rel}","templated":true}]}}