{"id":522,"date":"2011-01-05T08:20:51","date_gmt":"2011-01-05T08:20:51","guid":{"rendered":"http:\/\/www.primepartner.eu\/"},"modified":"2011-01-05T10:01:18","modified_gmt":"2011-01-05T10:01:18","slug":"raida","status":"publish","type":"page","link":"https:\/\/www.primepartner.eu\/lt\/apie-imone\/raida\/","title":{"rendered":"Raida"},"content":{"rendered":"<p>Bendrov\u0117s tikslas prek\u0117s \u017eenkl\u0173 raidoje \u2013 visi\u0161kas vartotoj\u0173 pasitenkinimas<\/p>\n","protected":false},"excerpt":{"rendered":"<p>Bendrov\u0117s tikslas prek\u0117s \u017eenkl\u0173 raidoje \u2013 visi\u0161kas vartotoj\u0173 pasitenkinimas<\/p>\n","protected":false},"author":4,"featured_media":185,"parent":513,"menu_order":3,"comment_status":"open","ping_status":"open","template":"","meta":{"footnotes":""},"class_list":["post-522","page","type-page","status-publish","has-post-thumbnail","hentry"],"_links":{"self":[{"href":"https:\/\/www.primepartner.eu\/lt\/wp-json\/wp\/v2\/pages\/522","targetHints":{"allow":["GET"]}}],"collection":[{"href":"https:\/\/www.primepartner.eu\/lt\/wp-json\/wp\/v2\/pages"}],"about":[{"href":"https:\/\/www.primepartner.eu\/lt\/wp-json\/wp\/v2\/types\/page"}],"author":[{"embeddable":true,"href":"https:\/\/www.primepartner.eu\/lt\/wp-json\/wp\/v2\/users\/4"}],"replies":[{"embeddable":true,"href":"https:\/\/www.primepartner.eu\/lt\/wp-json\/wp\/v2\/comments?post=522"}],"version-history":[{"count":3,"href":"https:\/\/www.primepartner.eu\/lt\/wp-json\/wp\/v2\/pages\/522\/revisions"}],"predecessor-version":[{"id":579,"href":"https:\/\/www.primepartner.eu\/lt\/wp-json\/wp\/v2\/pages\/522\/revisions\/579"}],"up":[{"embeddable":true,"href":"https:\/\/www.primepartner.eu\/lt\/wp-json\/wp\/v2\/pages\/513"}],"wp:featuredmedia":[{"embeddable":true,"href":"https:\/\/www.primepartner.eu\/lt\/wp-json\/wp\/v2\/media\/185"}],"wp:attachment":[{"href":"https:\/\/www.primepartner.eu\/lt\/wp-json\/wp\/v2\/media?parent=522"}],"curies":[{"name":"wp","href":"https:\/\/api.w.org\/{rel}","templated":true}]}}