{"id":520,"date":"2011-01-05T08:19:31","date_gmt":"2011-01-05T08:19:31","guid":{"rendered":"http:\/\/www.primepartner.eu\/"},"modified":"2011-01-05T09:56:55","modified_gmt":"2011-01-05T09:56:55","slug":"logistika","status":"publish","type":"page","link":"https:\/\/www.primepartner.eu\/lt\/apie-imone\/logistika\/","title":{"rendered":"Logistika"},"content":{"rendered":"<p>Naujas, modernus sand\u0117li\u0173 kompleksas bendrov\u0119 \u201eAS Prime Partner\u201c i\u0161k\u0117l\u0117 \u012f auk\u0161\u010diausi\u0105  logistin\u0117s infrastrukt\u016bros kompetencijos lyg\u012f<\/p>\n","protected":false},"excerpt":{"rendered":"<p>Naujas, modernus sand\u0117li\u0173 kompleksas bendrov\u0119 \u201eAS Prime Partner\u201c i\u0161k\u0117l\u0117 \u012f auk\u0161\u010diausi\u0105 logistin\u0117s infrastrukt\u016bros kompetencijos lyg\u012f<\/p>\n","protected":false},"author":4,"featured_media":178,"parent":513,"menu_order":2,"comment_status":"open","ping_status":"open","template":"","meta":{"footnotes":""},"class_list":["post-520","page","type-page","status-publish","has-post-thumbnail","hentry"],"_links":{"self":[{"href":"https:\/\/www.primepartner.eu\/lt\/wp-json\/wp\/v2\/pages\/520","targetHints":{"allow":["GET"]}}],"collection":[{"href":"https:\/\/www.primepartner.eu\/lt\/wp-json\/wp\/v2\/pages"}],"about":[{"href":"https:\/\/www.primepartner.eu\/lt\/wp-json\/wp\/v2\/types\/page"}],"author":[{"embeddable":true,"href":"https:\/\/www.primepartner.eu\/lt\/wp-json\/wp\/v2\/users\/4"}],"replies":[{"embeddable":true,"href":"https:\/\/www.primepartner.eu\/lt\/wp-json\/wp\/v2\/comments?post=520"}],"version-history":[{"count":2,"href":"https:\/\/www.primepartner.eu\/lt\/wp-json\/wp\/v2\/pages\/520\/revisions"}],"predecessor-version":[{"id":577,"href":"https:\/\/www.primepartner.eu\/lt\/wp-json\/wp\/v2\/pages\/520\/revisions\/577"}],"up":[{"embeddable":true,"href":"https:\/\/www.primepartner.eu\/lt\/wp-json\/wp\/v2\/pages\/513"}],"wp:featuredmedia":[{"embeddable":true,"href":"https:\/\/www.primepartner.eu\/lt\/wp-json\/wp\/v2\/media\/178"}],"wp:attachment":[{"href":"https:\/\/www.primepartner.eu\/lt\/wp-json\/wp\/v2\/media?parent=520"}],"curies":[{"name":"wp","href":"https:\/\/api.w.org\/{rel}","templated":true}]}}