{"id":498,"date":"2011-01-05T07:53:05","date_gmt":"2011-01-05T07:53:05","guid":{"rendered":"http:\/\/www.primepartner.eu\/"},"modified":"2011-01-05T09:37:09","modified_gmt":"2011-01-05T09:37:09","slug":"misija","status":"publish","type":"page","link":"https:\/\/www.primepartner.eu\/lt\/lisalehed-2\/misija\/","title":{"rendered":"Misija"},"content":{"rendered":"<p>Misija<\/p>\n<p>Kuriame geriausios vartotoji\u0161kos vert\u0117s prekes ir u\u017etikriname auk\u0161\u010diausios klas\u0117s klient\u0173 aptarnavim\u0105.<\/p>\n","protected":false},"excerpt":{"rendered":"<p>Misija Kuriame geriausios vartotoji\u0161kos vert\u0117s prekes ir u\u017etikriname auk\u0161\u010diausios klas\u0117s klient\u0173 aptarnavim\u0105.<\/p>\n","protected":false},"author":4,"featured_media":161,"parent":508,"menu_order":0,"comment_status":"open","ping_status":"open","template":"mission-page.php","meta":{"footnotes":""},"class_list":["post-498","page","type-page","status-publish","has-post-thumbnail","hentry"],"_links":{"self":[{"href":"https:\/\/www.primepartner.eu\/lt\/wp-json\/wp\/v2\/pages\/498","targetHints":{"allow":["GET"]}}],"collection":[{"href":"https:\/\/www.primepartner.eu\/lt\/wp-json\/wp\/v2\/pages"}],"about":[{"href":"https:\/\/www.primepartner.eu\/lt\/wp-json\/wp\/v2\/types\/page"}],"author":[{"embeddable":true,"href":"https:\/\/www.primepartner.eu\/lt\/wp-json\/wp\/v2\/users\/4"}],"replies":[{"embeddable":true,"href":"https:\/\/www.primepartner.eu\/lt\/wp-json\/wp\/v2\/comments?post=498"}],"version-history":[{"count":2,"href":"https:\/\/www.primepartner.eu\/lt\/wp-json\/wp\/v2\/pages\/498\/revisions"}],"predecessor-version":[{"id":567,"href":"https:\/\/www.primepartner.eu\/lt\/wp-json\/wp\/v2\/pages\/498\/revisions\/567"}],"up":[{"embeddable":true,"href":"https:\/\/www.primepartner.eu\/lt\/wp-json\/wp\/v2\/pages\/508"}],"wp:featuredmedia":[{"embeddable":true,"href":"https:\/\/www.primepartner.eu\/lt\/wp-json\/wp\/v2\/media\/161"}],"wp:attachment":[{"href":"https:\/\/www.primepartner.eu\/lt\/wp-json\/wp\/v2\/media?parent=498"}],"curies":[{"name":"wp","href":"https:\/\/api.w.org\/{rel}","templated":true}]}}