{"id":959,"date":"2011-01-11T09:43:14","date_gmt":"2011-01-11T09:43:14","guid":{"rendered":"http:\/\/www.primepartner.eu\/"},"modified":"2020-07-30T13:02:48","modified_gmt":"2020-07-30T13:02:48","slug":"sosiaalinen-vastuuntunto","status":"publish","type":"page","link":"https:\/\/www.primepartner.eu\/fi\/lisa\/sosiaalinen-vastuuntunto\/","title":{"rendered":"Toimintaperiaatteet ja luontoyst\u00e4v\u00e4llinen kehitys"},"content":{"rendered":"<p>Toimintaperiaatteet ja luontoyst\u00e4v\u00e4llinen kehitys<\/p>\n","protected":false},"excerpt":{"rendered":"<p>Toimintaperiaatteet ja luontoyst\u00e4v\u00e4llinen kehitys<\/p>\n","protected":false},"author":4,"featured_media":163,"parent":953,"menu_order":2,"comment_status":"open","ping_status":"open","template":"mission-page.php","meta":{"footnotes":""},"class_list":["post-959","page","type-page","status-publish","has-post-thumbnail","hentry"],"_links":{"self":[{"href":"https:\/\/www.primepartner.eu\/fi\/wp-json\/wp\/v2\/pages\/959","targetHints":{"allow":["GET"]}}],"collection":[{"href":"https:\/\/www.primepartner.eu\/fi\/wp-json\/wp\/v2\/pages"}],"about":[{"href":"https:\/\/www.primepartner.eu\/fi\/wp-json\/wp\/v2\/types\/page"}],"author":[{"embeddable":true,"href":"https:\/\/www.primepartner.eu\/fi\/wp-json\/wp\/v2\/users\/4"}],"replies":[{"embeddable":true,"href":"https:\/\/www.primepartner.eu\/fi\/wp-json\/wp\/v2\/comments?post=959"}],"version-history":[{"count":3,"href":"https:\/\/www.primepartner.eu\/fi\/wp-json\/wp\/v2\/pages\/959\/revisions"}],"predecessor-version":[{"id":2348,"href":"https:\/\/www.primepartner.eu\/fi\/wp-json\/wp\/v2\/pages\/959\/revisions\/2348"}],"up":[{"embeddable":true,"href":"https:\/\/www.primepartner.eu\/fi\/wp-json\/wp\/v2\/pages\/953"}],"wp:featuredmedia":[{"embeddable":true,"href":"https:\/\/www.primepartner.eu\/fi\/wp-json\/wp\/v2\/media\/163"}],"wp:attachment":[{"href":"https:\/\/www.primepartner.eu\/fi\/wp-json\/wp\/v2\/media?parent=959"}],"curies":[{"name":"wp","href":"https:\/\/api.w.org\/{rel}","templated":true}]}}