{"id":912,"date":"2011-01-11T08:25:08","date_gmt":"2011-01-11T08:25:08","guid":{"rendered":"http:\/\/www.primepartner.eu\/"},"modified":"2011-01-11T08:25:08","modified_gmt":"2011-01-11T08:25:08","slug":"historia","status":"publish","type":"page","link":"https:\/\/www.primepartner.eu\/fi\/yrityksesta\/historia\/","title":{"rendered":"Historia"},"content":{"rendered":"<p>Prime Partnerin menestys perustuu firman kest\u00e4viin arvoihin, ensiluokkaisten tulosten tavoitteluun sek\u00e4 ihmisist\u00e4 ja ymp\u00e4rist\u00f6st\u00e4 huolehtimiseen.<\/p>\n","protected":false},"excerpt":{"rendered":"<p>Prime Partnerin menestys perustuu firman kest\u00e4viin arvoihin, ensiluokkaisten tulosten tavoitteluun sek\u00e4 ihmisist\u00e4 ja ymp\u00e4rist\u00f6st\u00e4 huolehtimiseen.<\/p>\n","protected":false},"author":4,"featured_media":184,"parent":900,"menu_order":5,"comment_status":"open","ping_status":"open","template":"","meta":{"footnotes":""},"class_list":["post-912","page","type-page","status-publish","has-post-thumbnail","hentry"],"_links":{"self":[{"href":"https:\/\/www.primepartner.eu\/fi\/wp-json\/wp\/v2\/pages\/912","targetHints":{"allow":["GET"]}}],"collection":[{"href":"https:\/\/www.primepartner.eu\/fi\/wp-json\/wp\/v2\/pages"}],"about":[{"href":"https:\/\/www.primepartner.eu\/fi\/wp-json\/wp\/v2\/types\/page"}],"author":[{"embeddable":true,"href":"https:\/\/www.primepartner.eu\/fi\/wp-json\/wp\/v2\/users\/4"}],"replies":[{"embeddable":true,"href":"https:\/\/www.primepartner.eu\/fi\/wp-json\/wp\/v2\/comments?post=912"}],"version-history":[{"count":1,"href":"https:\/\/www.primepartner.eu\/fi\/wp-json\/wp\/v2\/pages\/912\/revisions"}],"predecessor-version":[{"id":913,"href":"https:\/\/www.primepartner.eu\/fi\/wp-json\/wp\/v2\/pages\/912\/revisions\/913"}],"up":[{"embeddable":true,"href":"https:\/\/www.primepartner.eu\/fi\/wp-json\/wp\/v2\/pages\/900"}],"wp:featuredmedia":[{"embeddable":true,"href":"https:\/\/www.primepartner.eu\/fi\/wp-json\/wp\/v2\/media\/184"}],"wp:attachment":[{"href":"https:\/\/www.primepartner.eu\/fi\/wp-json\/wp\/v2\/media?parent=912"}],"curies":[{"name":"wp","href":"https:\/\/api.w.org\/{rel}","templated":true}]}}