{"id":908,"date":"2011-01-11T08:17:25","date_gmt":"2011-01-11T08:17:25","guid":{"rendered":"http:\/\/www.primepartner.eu\/"},"modified":"2011-01-11T08:17:25","modified_gmt":"2011-01-11T08:17:25","slug":"kehitys","status":"publish","type":"page","link":"https:\/\/www.primepartner.eu\/fi\/yrityksesta\/kehitys\/","title":{"rendered":"Kehitys"},"content":{"rendered":"<p>Tuotemerkkien kehitt\u00e4misess\u00e4 yritys on asettanut tavoitteekseen kuluttajien t\u00e4ydellisen tyytyv\u00e4isyyden<\/p>\n","protected":false},"excerpt":{"rendered":"<p>Tuotemerkkien kehitt\u00e4misess\u00e4 yritys on asettanut tavoitteekseen kuluttajien t\u00e4ydellisen tyytyv\u00e4isyyden<\/p>\n","protected":false},"author":4,"featured_media":185,"parent":900,"menu_order":3,"comment_status":"open","ping_status":"open","template":"","meta":{"footnotes":""},"class_list":["post-908","page","type-page","status-publish","has-post-thumbnail","hentry"],"_links":{"self":[{"href":"https:\/\/www.primepartner.eu\/fi\/wp-json\/wp\/v2\/pages\/908","targetHints":{"allow":["GET"]}}],"collection":[{"href":"https:\/\/www.primepartner.eu\/fi\/wp-json\/wp\/v2\/pages"}],"about":[{"href":"https:\/\/www.primepartner.eu\/fi\/wp-json\/wp\/v2\/types\/page"}],"author":[{"embeddable":true,"href":"https:\/\/www.primepartner.eu\/fi\/wp-json\/wp\/v2\/users\/4"}],"replies":[{"embeddable":true,"href":"https:\/\/www.primepartner.eu\/fi\/wp-json\/wp\/v2\/comments?post=908"}],"version-history":[{"count":1,"href":"https:\/\/www.primepartner.eu\/fi\/wp-json\/wp\/v2\/pages\/908\/revisions"}],"predecessor-version":[{"id":909,"href":"https:\/\/www.primepartner.eu\/fi\/wp-json\/wp\/v2\/pages\/908\/revisions\/909"}],"up":[{"embeddable":true,"href":"https:\/\/www.primepartner.eu\/fi\/wp-json\/wp\/v2\/pages\/900"}],"wp:featuredmedia":[{"embeddable":true,"href":"https:\/\/www.primepartner.eu\/fi\/wp-json\/wp\/v2\/media\/185"}],"wp:attachment":[{"href":"https:\/\/www.primepartner.eu\/fi\/wp-json\/wp\/v2\/media?parent=908"}],"curies":[{"name":"wp","href":"https:\/\/api.w.org\/{rel}","templated":true}]}}